{"id":21,"date":"2025-05-14T21:35:29","date_gmt":"2025-05-14T21:35:29","guid":{"rendered":"https:\/\/paradinha.pt\/index.php\/home-2\/"},"modified":"2025-12-04T16:25:24","modified_gmt":"2025-12-04T16:25:24","slug":"home-2","status":"publish","type":"page","link":"https:\/\/paradinha.pt\/","title":{"rendered":"Home"},"content":{"rendered":"\t\t<div data-elementor-type=\"wp-page\" data-elementor-id=\"21\" class=\"elementor elementor-21\">\n\t\t\t\t<div class=\"elementor-element elementor-element-7a1f98d8 e-flex e-con-boxed e-con e-parent\" data-id=\"7a1f98d8\" data-element_type=\"container\" data-settings=\"{&quot;background_background&quot;:&quot;gradient&quot;,&quot;shape_divider_top&quot;:&quot;waves&quot;,&quot;shape_divider_bottom&quot;:&quot;waves&quot;,&quot;shape_divider_bottom_negative&quot;:&quot;yes&quot;}\">\n\t\t\t\t\t<div class=\"e-con-inner\">\n\t\t\t\t<div class=\"elementor-shape elementor-shape-top\" data-negative=\"false\">\n\t\t\t<svg xmlns=\"http:\/\/www.w3.org\/2000\/svg\" viewBox=\"0 0 1000 100\" preserveAspectRatio=\"none\">\n\t<path class=\"elementor-shape-fill\" d=\"M421.9,6.5c22.6-2.5,51.5,0.4,75.5,5.3c23.6,4.9,70.9,23.5,100.5,35.7c75.8,32.2,133.7,44.5,192.6,49.7\n\tc23.6,2.1,48.7,3.5,103.4-2.5c54.7-6,106.2-25.6,106.2-25.6V0H0v30.3c0,0,72,32.6,158.4,30.5c39.2-0.7,92.8-6.7,134-22.4\n\tc21.2-8.1,52.2-18.2,79.7-24.2C399.3,7.9,411.6,7.5,421.9,6.5z\"\/>\n<\/svg>\t\t<\/div>\n\t\t\t\t<div class=\"elementor-shape elementor-shape-bottom\" data-negative=\"true\">\n\t\t\t<svg xmlns=\"http:\/\/www.w3.org\/2000\/svg\" viewBox=\"0 0 1000 100\" preserveAspectRatio=\"none\">\n\t<path class=\"elementor-shape-fill\" d=\"M790.5,93.1c-59.3-5.3-116.8-18-192.6-50c-29.6-12.7-76.9-31-100.5-35.9c-23.6-4.9-52.6-7.8-75.5-5.3\n\tc-10.2,1.1-22.6,1.4-50.1,7.4c-27.2,6.3-58.2,16.6-79.4,24.7c-41.3,15.9-94.9,21.9-134,22.6C72,58.2,0,25.8,0,25.8V100h1000V65.3\n\tc0,0-51.5,19.4-106.2,25.7C839.5,97,814.1,95.2,790.5,93.1z\"\/>\n<\/svg>\t\t<\/div>\n\t\t<div class=\"elementor-element elementor-element-4d16f5bd e-con-full e-flex e-con e-child\" data-id=\"4d16f5bd\" data-element_type=\"container\">\n\t\t\t\t<div class=\"elementor-element elementor-element-225d314b elementor-widget elementor-widget-image\" data-id=\"225d314b\" data-element_type=\"widget\" data-widget_type=\"image.default\">\n\t\t\t\t<div class=\"elementor-widget-container\">\n\t\t\t\t\t\t\t\t\t\t\t\t\t\t\t<img fetchpriority=\"high\" decoding=\"async\" width=\"853\" height=\"905\" src=\"https:\/\/paradinha.pt\/wp-content\/uploads\/2025\/05\/4E06511A-88D1-4761-8277-EE55542276D0-Photoroom-e1747262744834.png\" class=\"attachment-full size-full wp-image-135\" alt=\"\" srcset=\"http:\/\/paradinha.pt\/wp-content\/uploads\/2025\/05\/4E06511A-88D1-4761-8277-EE55542276D0-Photoroom-e1747262744834.png 853w, http:\/\/paradinha.pt\/wp-content\/uploads\/2025\/05\/4E06511A-88D1-4761-8277-EE55542276D0-Photoroom-e1747262744834-283x300.png 283w, http:\/\/paradinha.pt\/wp-content\/uploads\/2025\/05\/4E06511A-88D1-4761-8277-EE55542276D0-Photoroom-e1747262744834-768x815.png 768w\" sizes=\"(max-width: 853px) 100vw, 853px\" \/>\t\t\t\t\t\t\t\t\t\t\t\t\t\t\t<\/div>\n\t\t\t\t<\/div>\n\t\t\t\t<\/div>\n\t\t<div class=\"elementor-element elementor-element-2c9d1b0d e-con-full e-transform e-flex e-con e-child\" data-id=\"2c9d1b0d\" data-element_type=\"container\" data-settings=\"{&quot;_transform_rotateZ_effect&quot;:{&quot;unit&quot;:&quot;px&quot;,&quot;size&quot;:&quot;&quot;,&quot;sizes&quot;:[]},&quot;_transform_rotateZ_effect_tablet&quot;:{&quot;unit&quot;:&quot;deg&quot;,&quot;size&quot;:&quot;&quot;,&quot;sizes&quot;:[]},&quot;_transform_rotateZ_effect_mobile&quot;:{&quot;unit&quot;:&quot;deg&quot;,&quot;size&quot;:&quot;&quot;,&quot;sizes&quot;:[]}}\">\n\t\t\t\t<div class=\"elementor-element elementor-element-325aa1ee elementor-widget__width-initial elementor-widget elementor-widget-cta\" data-id=\"325aa1ee\" data-element_type=\"widget\" data-settings=\"{&quot;cta_position&quot;:&quot;column&quot;,&quot;primary_button_shape&quot;:&quot;round&quot;,&quot;layout_preset&quot;:&quot;streamline&quot;,&quot;content_alignment&quot;:&quot;center&quot;,&quot;content_alignment_tablet&quot;:&quot;center&quot;,&quot;content_alignment_mobile&quot;:&quot;center&quot;,&quot;cta_width&quot;:&quot;default&quot;,&quot;box_shape&quot;:&quot;sharp&quot;}\" data-widget_type=\"cta.default\">\n\t\t\t\t<div class=\"elementor-widget-container\">\n\t\t\t\t\t\t\t<div class=\"has-shape-sharp shape-type-box ehp-cta has-preset-streamline\">\n\t\t\t<div class=\"ehp-cta__overlay\"><\/div>\n\t\t\t<div class=\"ehp-cta__elements-container\">\n\t\t\t\t\t\t<div class=\"ehp-cta__text-container\">\n\t\t\t<h2 class=\"ehp-cta__heading\">Paradinha Village Retreat<\/h2><p class=\"ehp-cta__description\">No cora\u00e7\u00e3o da regi\u00e3o de Tr\u00e1s-os-Montes, junto \u00e0 aldeia de Paradinha, nasce um novo espa\u00e7o dedicado \u00e0 tranquilidade, \u00e0 natureza e \u00e0 redescoberta do essencial.<br>\n<br>\nEstamos a recuperar uma antiga casa t\u00edpica para criar um espa\u00e7o de alojamento local simples, confort\u00e1vel e em harmonia com a natureza. Haver\u00e1 trilhos, eventos sazonais e parcerias com produtores locais \u2014 tudo para quem procura descansar, caminhar e descobrir a regi\u00e3o com autenticidade.\n<br>\n<br>\n\nO in\u00edcio de atividade, inicialmente previsto para 2026, encontra-se atualmente atrasado devido \u00e0 aus\u00eancia de respostas e dificuldades de enquadramento junto das entidades regionais respons\u00e1veis.\n<br>\n<br>\nO projeto foi submetido ao programa Crescer com o Turismo (candidatura P030225) e aguarda esclarecimentos essenciais para avan\u00e7ar.\n\nAssim que as entidades competentes emitirem a informa\u00e7\u00e3o necess\u00e1ria, retomaremos o calend\u00e1rio previsto e comunicaremos a nova data de abertura.\n<\/p>\t\t<\/div>\n\t\t\t\t\t<div class=\"ehp-cta__ctas-container has-cta-width-default\">\n\t\t\t\t<div class=\"ehp-cta__buttons-wrapper\">\n\t\t\t\t\t\t\t<a class=\"has-shape-round shape-type-button ehp-button ehp-button--primary ehp-cta__button ehp-cta__button--primary is-type-button\" href=\"mailto:arzhakov@gmail.com\">\n\t\t\t<svg aria-hidden=\"true\" class=\"ehp-button__icon e-font-icon-svg e-fas-arrow-right\" 0=\"ehp-cta__button-icon\" viewBox=\"0 0 448 512\" xmlns=\"http:\/\/www.w3.org\/2000\/svg\"><path d=\"M190.5 66.9l22.2-22.2c9.4-9.4 24.6-9.4 33.9 0L441 239c9.4 9.4 9.4 24.6 0 33.9L246.6 467.3c-9.4 9.4-24.6 9.4-33.9 0l-22.2-22.2c-9.5-9.5-9.3-25 .4-34.3L311.4 296H24c-13.3 0-24-10.7-24-24v-32c0-13.3 10.7-24 24-24h287.4L190.9 101.2c-9.8-9.3-10-24.8-.4-34.3z\"><\/path><\/svg>\t\t<span class=\"ehp-button__text ehp-cta__button-text ehp-cta__button-text--primary\">\n\t\t\tContacte-nos\t\t\t\t<\/a>\n\t\t\t\t\t\t\t\t\t\t\t<\/div>\n\t\t\t<\/div>\n\t\t\t\t\t<\/div>\n\t\t<\/div>\n\t\t\t\t\t\t<\/div>\n\t\t\t\t<\/div>\n\t\t\t\t<\/div>\n\t\t\t\t\t<\/div>\n\t\t\t\t<\/div>\n\t\t<div class=\"elementor-element elementor-element-5546f73b e-con-full e-flex e-con e-parent\" data-id=\"5546f73b\" data-element_type=\"container\" data-settings=\"{&quot;shape_divider_bottom&quot;:&quot;triangle-asymmetrical&quot;}\">\n\t\t\t\t<div class=\"elementor-shape elementor-shape-bottom\" data-negative=\"false\">\n\t\t\t<svg xmlns=\"http:\/\/www.w3.org\/2000\/svg\" viewBox=\"0 0 1000 100\" preserveAspectRatio=\"none\">\n\t<path class=\"elementor-shape-fill\" d=\"M738,99l262-93V0H0v5.6L738,99z\"\/>\n<\/svg>\t\t<\/div>\n\t\t\t\t<div class=\"elementor-element elementor-element-3f0ed880 elementor-widget elementor-widget-ehp-footer\" data-id=\"3f0ed880\" data-element_type=\"widget\" data-widget_type=\"ehp-footer.default\">\n\t\t\t\t<div class=\"elementor-widget-container\">\n\t\t\t\t\t\t\t<footer class=\"ehp-footer\">\n\t\t\t<div class=\"ehp-footer__row\">\n\t\t\t\t\t\t<div class=\"ehp-footer__side-content\">\n\t\t\t\t\t<div class=\"ehp-footer__site-link-container\">\n\t\t\t<a class=\"ehp-footer__site-link\" href=\"https:\/\/paradinha.pt\">\n\t\t\t\t\t\t\t\t<h2 class=\"ehp-footer__site-title\">Paradinha Village Retreat<\/h2>\t\t\t<\/a>\n\t\t<\/div>\n\t\t<p class=\"ehp-footer__description\">Projeto promovido por: <br>\n APLX - Lisbon Hostelling LDA <br>\nNIF 513366911<br>\narzhakov@gmail.com<\/p>\t\t\t\t\t<div class=\"ehp-footer__social-icons\">\n\t\t\t\n\t\t\t\t\t\t\t\t\t<a class=\"ehp-footer__social-icon\" aria-label=\"Instagram\">\n\t\t\t\t\t\t\t\t\t\t\t<\/a>\n\t\t\t\t\t\t\t\t\t<\/div>\n\t\t\t\t<\/div>\n\t\t\t\t<div class=\"ehp-footer__contact-container\">\n\t\t\t<div class=\"ehp-footer__contact\">\n\t\t\t\t<h6 class=\"ehp-footer__contact-heading\">Localiza\u00e7\u00e3o<\/h6><p class=\"ehp-footer__contact-information\">Paradinha de Outeiro, 5300-561 Bragan\u00e7a, Portugal <br>\n<br>\n\nCoordenadas GPS:<br>\nLatitude: 41.704833<br>\nLongitude: -6.577694<br>\n<br>\n<\/p>\t\t\t<\/div>\n\t\t<\/div>\n\t\t\t\t\t<\/div>\n\t\t\t\t\t<div class=\"ehp-footer__copyright\">\n\t\t\t<p class=\"ehp-footer__copyright\">\u00a92025 Todos os direitos reservados\n<\/p>\t\t<\/div>\n\t\t\t\t<\/footer>\n\t\t\t\t\t\t<\/div>\n\t\t\t\t<\/div>\n\t\t\t\t<\/div>\n\t\t\t\t<\/div>\n\t\t","protected":false},"excerpt":{"rendered":"<p>Paradinha Village Retreat No cora\u00e7\u00e3o da regi\u00e3o de Tr\u00e1s-os-Montes, junto \u00e0 aldeia de Paradinha, nasce um novo espa\u00e7o dedicado \u00e0 tranquilidade, \u00e0 natureza e \u00e0 redescoberta do essencial. Estamos a recuperar uma antiga casa t\u00edpica para criar um espa\u00e7o de alojamento local simples, confort\u00e1vel e em harmonia com a natureza. Haver\u00e1 trilhos, eventos sazonais e [&hellip;]<\/p>\n","protected":false},"author":1,"featured_media":0,"parent":0,"menu_order":0,"comment_status":"closed","ping_status":"closed","template":"elementor_canvas","meta":{"footnotes":""},"class_list":["post-21","page","type-page","status-publish","hentry"],"_links":{"self":[{"href":"https:\/\/paradinha.pt\/index.php\/wp-json\/wp\/v2\/pages\/21","targetHints":{"allow":["GET"]}}],"collection":[{"href":"https:\/\/paradinha.pt\/index.php\/wp-json\/wp\/v2\/pages"}],"about":[{"href":"https:\/\/paradinha.pt\/index.php\/wp-json\/wp\/v2\/types\/page"}],"author":[{"embeddable":true,"href":"https:\/\/paradinha.pt\/index.php\/wp-json\/wp\/v2\/users\/1"}],"replies":[{"embeddable":true,"href":"https:\/\/paradinha.pt\/index.php\/wp-json\/wp\/v2\/comments?post=21"}],"version-history":[{"count":55,"href":"https:\/\/paradinha.pt\/index.php\/wp-json\/wp\/v2\/pages\/21\/revisions"}],"predecessor-version":[{"id":199,"href":"https:\/\/paradinha.pt\/index.php\/wp-json\/wp\/v2\/pages\/21\/revisions\/199"}],"wp:attachment":[{"href":"https:\/\/paradinha.pt\/index.php\/wp-json\/wp\/v2\/media?parent=21"}],"curies":[{"name":"wp","href":"https:\/\/api.w.org\/{rel}","templated":true}]}}